{"id":3,"date":"2025-10-09T12:45:12","date_gmt":"2025-10-09T12:45:12","guid":{"rendered":"https:\/\/uportal.pl\/?page_id=3"},"modified":"2025-12-19T16:51:06","modified_gmt":"2025-12-19T16:51:06","slug":"privacy-policy","status":"publish","type":"page","link":"https:\/\/uportal.pl\/pl\/privacy-policy\/","title":{"rendered":"Polityka Prywatno\u015bci"},"content":{"rendered":"<div data-elementor-type=\"wp-page\" data-elementor-id=\"3\" class=\"elementor elementor-3\" data-elementor-settings=\"{&quot;element_pack_global_tooltip_width&quot;:{&quot;unit&quot;:&quot;px&quot;,&quot;size&quot;:&quot;&quot;,&quot;sizes&quot;:[]},&quot;element_pack_global_tooltip_width_tablet&quot;:{&quot;unit&quot;:&quot;px&quot;,&quot;size&quot;:&quot;&quot;,&quot;sizes&quot;:[]},&quot;element_pack_global_tooltip_width_mobile&quot;:{&quot;unit&quot;:&quot;px&quot;,&quot;size&quot;:&quot;&quot;,&quot;sizes&quot;:[]},&quot;element_pack_global_tooltip_padding&quot;:{&quot;unit&quot;:&quot;px&quot;,&quot;top&quot;:&quot;&quot;,&quot;right&quot;:&quot;&quot;,&quot;bottom&quot;:&quot;&quot;,&quot;left&quot;:&quot;&quot;,&quot;isLinked&quot;:true},&quot;element_pack_global_tooltip_padding_tablet&quot;:{&quot;unit&quot;:&quot;px&quot;,&quot;top&quot;:&quot;&quot;,&quot;right&quot;:&quot;&quot;,&quot;bottom&quot;:&quot;&quot;,&quot;left&quot;:&quot;&quot;,&quot;isLinked&quot;:true},&quot;element_pack_global_tooltip_padding_mobile&quot;:{&quot;unit&quot;:&quot;px&quot;,&quot;top&quot;:&quot;&quot;,&quot;right&quot;:&quot;&quot;,&quot;bottom&quot;:&quot;&quot;,&quot;left&quot;:&quot;&quot;,&quot;isLinked&quot;:true},&quot;element_pack_global_tooltip_border_radius&quot;:{&quot;unit&quot;:&quot;px&quot;,&quot;top&quot;:&quot;&quot;,&quot;right&quot;:&quot;&quot;,&quot;bottom&quot;:&quot;&quot;,&quot;left&quot;:&quot;&quot;,&quot;isLinked&quot;:true},&quot;element_pack_global_tooltip_border_radius_tablet&quot;:{&quot;unit&quot;:&quot;px&quot;,&quot;top&quot;:&quot;&quot;,&quot;right&quot;:&quot;&quot;,&quot;bottom&quot;:&quot;&quot;,&quot;left&quot;:&quot;&quot;,&quot;isLinked&quot;:true},&quot;element_pack_global_tooltip_border_radius_mobile&quot;:{&quot;unit&quot;:&quot;px&quot;,&quot;top&quot;:&quot;&quot;,&quot;right&quot;:&quot;&quot;,&quot;bottom&quot;:&quot;&quot;,&quot;left&quot;:&quot;&quot;,&quot;isLinked&quot;:true}}\" data-elementor-post-type=\"page\">\n\t\t\t\t<div class=\"elementor-element elementor-element-61fd3668 e-flex e-con-boxed e-con e-parent\" data-id=\"61fd3668\" data-element_type=\"container\">\n\t\t\t\t\t<div class=\"e-con-inner\">\n\t\t\t\t<div class=\"elementor-element elementor-element-4c7d23aa elementor-widget elementor-widget-text-editor\" data-id=\"4c7d23aa\" data-element_type=\"widget\" data-widget_type=\"text-editor.default\">\n\t\t\t\t\t\t\t\t\t\n<h2 class=\"wp-block-heading\"><br \/>1. Kim jeste\u015bmy<\/h2>\n\n<p class=\"p1\">Operatorem niniejszej strony internetowej jest <a href=\"https:\/\/icymedia.pl\/\"><span class=\"s1\"><b>ICY Media<\/b><\/span><\/a>w\u0142a\u015bciciel i operator marek <a href=\"https:\/\/uportal.pl\/pl\/\"><span class=\"s1\"><b>uPortal<\/b><\/span><\/a> i <a href=\"https:\/\/unlearnenglish.pl\/\"><span class=\"s1\"><b>Unlearn English.<\/b><\/span><\/a> .<\/p>\n<p class=\"p1\"><span class=\"s1\"><b>Podmiot prawny:<\/b><\/span> ICY Media Chibeza Mvula<br \/><span class=\"s1\"><b>NIP:<\/b><\/span> 1231477725<br \/><b>Adres:<\/b><span class=\"s2\"> Post\u0119pu 11, 02-676, Warsaw<br \/><span class=\"s1\"><b>Email:<\/b><\/span> <a href=\"mailto:kontakt@icymedia.pl\">kontakt@icymedia.pl<\/a><br \/><\/span><span class=\"s1\"><b>Strona internetowa:<\/b><\/span>\u00a0<a href=\"https:\/\/icymedia.pl\">https:\/\/icymedia.pl<\/a><br \/><br \/><\/p>\n<p class=\"p1\">uPortal to platforma edukacyjna online, na kt\u00f3rej u\u017cytkownicy mog\u0105 si\u0119 rejestrowa\u0107, wykupywa\u0107 cz\u0142onkostwa lub indywidualne lekcje, uczestniczy\u0107 w zaj\u0119ciach na \u017cywo oraz komunikowa\u0107 si\u0119 z lektorami i innymi u\u017cytkownikami.<\/p>\n\n<h2 class=\"wp-block-heading\">2. Jakie dane osobowe zbieramy<\/h2>\n\n<p class=\"p1\">Zbieramy dane osobowe niezb\u0119dne do \u015bwiadczenia i doskonalenia naszych us\u0142ug, w tym:<\/p>\n<ul>\n<li>\n<p class=\"p1\"><span class=\"s1\"><b>Dane konta:<\/b><\/span> imi\u0119 i nazwisko, adres e-mail, nazwa u\u017cytkownika oraz has\u0142o podczas rejestracji lub logowania.<\/p>\n<\/li>\n<li>\n<p class=\"p1\"><span class=\"s1\"><b>Dane p\u0142atnicze:<\/b><\/span> adres rozliczeniowy oraz informacje o transakcjach przetwarzane bezpiecznie przez naszego dostawc\u0119 p\u0142atno\u015bci.<br \/><i>Nie przechowujemy numer\u00f3w kart kredytowych ani pe\u0142nych danych p\u0142atniczych.<\/i><i><\/i><\/p>\n<\/li>\n<li>\n<p class=\"p1\"><span class=\"s1\"><b>Informacje o rezerwacjach:<\/b><\/span> szczeg\u00f3\u0142y dotycz\u0105ce lekcji lub spotka\u0144 dokonanych za po\u015brednictwem naszego systemu rezerwacji.<\/p>\n<\/li>\n<li>\n<p class=\"p1\"><span class=\"s1\"><b>Dane komunikacyjne:<\/b><\/span> wiadomo\u015bci wysy\u0142ane za pomoc\u0105 formularzy kontaktowych, czatu lub w komunikacji z lektorami.<\/p>\n<\/li>\n<li>\n<p class=\"p1\"><span class=\"s1\"><b>Pliki cookie i dane analityczne:<\/b><\/span> u\u017cywane do utrzymania sesji logowania, zapami\u0119tywania preferencji j\u0119zykowych oraz analizy wydajno\u015bci witryny.<\/p>\n<\/li>\n<li>\n<p class=\"p1\"><span class=\"s1\"><b>Dane urz\u0105dzenia i u\u017cytkowania:<\/b><\/span> typ przegl\u0105darki, adres IP oraz dane techniczne wykorzystywane w celach bezpiecze\u0144stwa i analizy ruchu.<\/p>\n<\/li>\n<\/ul>\n<h2 class=\"wp-block-heading\">3. W jaki spos\u00f3b wykorzystujemy Twoje dane<\/h2>\n\n<p class=\"p1\">Twoje dane osobowe s\u0105 wykorzystywane w celu:<\/p>\n<ul>\n<li>\n<p class=\"p1\">tworzenia i zarz\u0105dzania kontem u\u017cytkownika,<\/p>\n<\/li>\n<li>\n<p class=\"p1\">przetwarzania p\u0142atno\u015bci, subskrypcji i rezerwacji lekcji,<\/p>\n<\/li>\n<li>\n<p class=\"p1\">zapewnienia dost\u0119pu do zaj\u0119\u0107 na \u017cywo oraz materia\u0142\u00f3w edukacyjnych,<\/p>\n<\/li>\n<li>\n<p class=\"p1\">komunikacji w sprawie konta, lekcji i aktualizacji,<\/p>\n<\/li>\n<li>\n<p class=\"p1\">zapewnienia prawid\u0142owego dzia\u0142ania, wydajno\u015bci i bezpiecze\u0144stwa platformy,<\/p>\n<\/li>\n<li>\n<p class=\"p1\">ulepszania naszych us\u0142ug oraz do\u015bwiadczenia u\u017cytkownik\u00f3w.<\/p>\n<\/li>\n<\/ul>\n<p class=\"p1\">Nie sprzedajemy <span class=\"s2\"><b>nie jest<\/b><\/span> nie wynajmujemy Twoich danych osobowych podmiotom trzecim.<\/p>\n\n<h2 class=\"wp-block-heading\">4. Podstawa prawna przetwarzania danych<\/h2>\n\n<p data-start=\"2246\" data-end=\"2371\">Przetwarzamy Twoje dane zgodnie z <strong data-start=\"2290\" data-end=\"2335\">Rozporz\u0105dzeniem o Ochronie Danych Osobowych (RODO \/ GDPR)<\/strong> na podstawie nast\u0119puj\u0105cych przes\u0142anek:<\/p>\n<ul data-start=\"2372\" data-end=\"2679\">\n<li data-start=\"2372\" data-end=\"2446\">\n<p data-start=\"2374\" data-end=\"2446\"><strong data-start=\"2374\" data-end=\"2400\">Niezb\u0119dno\u015b\u0107 do wykonania umowy -<\/strong> w celu realizacji us\u0142ug, z kt\u00f3rych korzystasz.<\/p>\n<\/li>\n<li data-start=\"2447\" data-end=\"2528\">\n<p data-start=\"2449\" data-end=\"2528\"><strong data-start=\"2449\" data-end=\"2470\">Obowi\u0105zek prawny -<\/strong> w celu spe\u0142nienia wymog\u00f3w ksi\u0119gowych, podatkowych i archiwizacyjnych.<\/p>\n<\/li>\n<li data-start=\"2529\" data-end=\"2595\">\n<p data-start=\"2531\" data-end=\"2595\"><strong data-start=\"2531\" data-end=\"2555\">Uzasadniony interes administratora -<\/strong> w celu utrzymania i rozwoju platformy.<\/p>\n<\/li>\n<li data-start=\"2596\" data-end=\"2679\">\n<p data-start=\"2598\" data-end=\"2679\"><strong data-start=\"2598\" data-end=\"2610\">Zgoda u\u017cytkownika -<\/strong> w przypadku komunikacji marketingowej, newslettera oraz plik\u00f3w cookie.<\/p>\n<\/li>\n<\/ul>\n\n<h2 class=\"wp-block-heading\">5. Cookie Policy<\/h2>\n\n<p data-start=\"2703\" data-end=\"2723\">The Website uses &#8220;cookies&#8221;. These are small text files sent by the web server and stored by the browser computer software.<\/p>\n<p data-start=\"2703\" data-end=\"2723\">We use the following types of cookies:<\/p>\n<ul data-start=\"2724\" data-end=\"2861\">\n<li data-start=\"2724\" data-end=\"2747\">\n<p data-start=\"2726\" data-end=\"2747\"><b data-path-to-node=\"19,2,1,1,0,0\" data-index-in-node=\"0\">Essential cookies:<\/b> Necessary for the proper functioning of the website (e.g., maintaining a login session, shopping cart).<\/p>\n<\/li>\n<li data-start=\"2724\" data-end=\"2747\">\n<p data-start=\"2726\" data-end=\"2747\"><b data-path-to-node=\"19,2,1,1,1,0\" data-index-in-node=\"0\">Analytical cookies:<\/b> Used to analyze website traffic (e.g., Google Analytics).<\/p>\n<\/li>\n<\/ul>\n<p>The User generally has the option to refuse or limit the collection of cookies in their browser settings. However, disabling &#8220;Essential&#8221; cookies may make the website difficult or impossible to use<\/p>\n\n<h2 class=\"wp-block-heading\">6. Okres przechowywania danych<\/h2>\n\n<p data-start=\"3017\" data-end=\"3123\">Przechowujemy dane osobowe jedynie przez okres niezb\u0119dny do realizacji cel\u00f3w opisanych w niniejszej polityce:<\/p>\n<ul data-start=\"3124\" data-end=\"3380\">\n<li data-start=\"3124\" data-end=\"3180\">\n<p data-start=\"3126\" data-end=\"3180\"><strong data-start=\"3126\" data-end=\"3143\">Dane konta:<\/strong> przez czas aktywno\u015bci konta u\u017cytkownika.<\/p>\n<\/li>\n<li data-start=\"3181\" data-end=\"3274\">\n<p data-start=\"3183\" data-end=\"3274\"><strong data-start=\"3183\" data-end=\"3207\">Dane transakcyjne:<\/strong> do <strong data-start=\"3214\" data-end=\"3225\">5 lat<\/strong>, zgodnie z polskimi przepisami ksi\u0119gowymi.<\/p>\n<\/li>\n<li data-start=\"3275\" data-end=\"3380\">\n<p data-start=\"3277\" data-end=\"3380\"><strong data-start=\"3277\" data-end=\"3312\">Wiadomo\u015bci i dane komunikacyjne:<\/strong> do <strong data-start=\"3319\" data-end=\"3332\">12 miesi\u0119cy<\/strong> w celach jako\u015bciowych i rozwi\u0105zywania ewentualnych spor\u00f3w.<\/p>\n<\/li>\n<\/ul>\n<p data-start=\"3382\" data-end=\"3457\">Po up\u0142ywie tego okresu dane s\u0105 bezpiecznie usuwane lub anonimizowane.<\/p>\n\n<h2 class=\"wp-block-heading\">7. Komu udost\u0119pniamy dane<\/h2>\n\n<p data-start=\"3496\" data-end=\"3605\">Twoje dane osobowe mog\u0105 by\u0107 udost\u0119pniane starannie wybranym podmiotom wspieraj\u0105cym dzia\u0142anie platformy uPortal:<\/p>\n<ul data-start=\"3606\" data-end=\"4020\">\n<li data-start=\"3606\" data-end=\"3786\">\n<p data-start=\"3608\" data-end=\"3786\"><strong data-start=\"3608\" data-end=\"3631\">Operatorzy p\u0142atno\u015bci:<\/strong> umo\u017cliwiaj\u0105cy p\u0142atno\u015bci przez <strong data-start=\"3654\" data-end=\"3731\">Apple Pay, Google Pay, BLIK <\/strong>za po\u015brednictwem <strong data-start=\"3654\" data-end=\"3731\">Paynow (mElements S.A., Prosta 18, 00-850 Warsaw), and credit\/debit cards (VISA and Mastercard)<\/strong> za po\u015brednictwem <strong data-start=\"3740\" data-end=\"3784\">WooCommerce Payments, Stripe lub PayPal.<\/strong><\/p>\n<\/li>\n<li data-start=\"3787\" data-end=\"3842\">\n<p data-start=\"3789\" data-end=\"3842\"><strong data-start=\"3789\" data-end=\"3808\">System rezerwacji:<\/strong> Amelia (do planowania lekcji).<\/p>\n<\/li>\n<li data-start=\"3843\" data-end=\"3902\">\n<p data-start=\"3845\" data-end=\"3902\"><strong data-start=\"3845\" data-end=\"3867\">System cz\u0142onkostw:<\/strong> MemberPress (do obs\u0142ugi subskrypcji).<\/p>\n<\/li>\n<li data-start=\"3903\" data-end=\"3954\">\n<p data-start=\"3905\" data-end=\"3954\"><strong data-start=\"3905\" data-end=\"3919\">Czat na \u017cywo:<\/strong> Tawk.to (obs\u0142uga komunikacji w czasie rzeczywistym).<\/p>\n<\/li>\n<li data-start=\"3955\" data-end=\"4020\">\n<p data-start=\"3957\" data-end=\"4020\"><strong data-start=\"3957\" data-end=\"3977\">Narz\u0119dzia analityczne:<\/strong> Google Analytics (do analizy ruchu na stronie).<\/p>\n<\/li>\n<\/ul>\n<p data-start=\"4022\" data-end=\"4116\">Wszyscy zewn\u0119trzni dostawcy dzia\u0142aj\u0105 zgodnie z RODO i stosuj\u0105 odpowiednie \u015brodki ochrony danych.<\/p>\n\n<h2 class=\"wp-block-heading\">8. Twoje prawa<\/h2>\n\n<p data-start=\"4144\" data-end=\"4188\">Zgodnie z <strong data-start=\"4154\" data-end=\"4162\">RODO<\/strong>przys\u0142uguj\u0105 Ci nast\u0119puj\u0105ce prawa:<\/p>\n<ul data-start=\"4189\" data-end=\"4448\">\n<li data-start=\"4189\" data-end=\"4219\">\n<p data-start=\"4191\" data-end=\"4219\">prawo dost\u0119pu do swoich danych,<\/p>\n<\/li>\n<li data-start=\"4220\" data-end=\"4276\">\n<p data-start=\"4222\" data-end=\"4276\">prawo sprostowania nieprawid\u0142owych lub niekompletnych danych,<\/p>\n<\/li>\n<li data-start=\"4277\" data-end=\"4324\">\n<p data-start=\"4279\" data-end=\"4324\">prawo do usuni\u0119cia danych (\u201eprawo do bycia zapomnianym\u201d),<\/p>\n<\/li>\n<li data-start=\"4325\" data-end=\"4362\">\n<p data-start=\"4327\" data-end=\"4362\">prawo do ograniczenia lub sprzeciwu wobec przetwarzania,<\/p>\n<\/li>\n<li data-start=\"4363\" data-end=\"4414\">\n<p data-start=\"4365\" data-end=\"4414\">prawo do przenoszenia danych,<\/p>\n<\/li>\n<li data-start=\"4415\" data-end=\"4448\">\n<p data-start=\"4417\" data-end=\"4448\">prawo do wycofania zgody w dowolnym momencie.<\/p>\n<\/li>\n<\/ul>\n<p data-start=\"4450\" data-end=\"4508\">Aby skorzysta\u0107 z przys\u0142uguj\u0105cych praw, skontaktuj si\u0119 z nami pod adresem <strong data-start=\"4483\" data-end=\"4505\"><a class=\"decorated-link cursor-pointer\" href=\"mailto:kontakt@icymedia.pl\" rel=\"noopener\" data-start=\"4485\" data-end=\"4503\">kontakt@icymedia.pl<\/a><\/strong><\/p>\n<p data-start=\"4510\" data-end=\"4678\">Je\u017celi uwa\u017casz, \u017ce Twoje dane s\u0105 przetwarzane niezgodnie z prawem, masz prawo z\u0142o\u017cy\u0107 skarg\u0119 do <strong data-start=\"4608\" data-end=\"4667\">Prezesa Urz\u0119du Ochrony Danych Osobowych (UODO)<\/strong> w Polsce.<\/p>\n<h2 data-start=\"4510\" data-end=\"4678\">9. Bezpiecze\u0144stwo danych<\/h2>\n<p data-start=\"4708\" data-end=\"4869\">Stosujemy szyfrowanie SSL, bezpieczne \u015brodowisko hostingowe oraz regularny monitoring, aby chroni\u0107 Twoje dane przed nieuprawnionym dost\u0119pem, ujawnieniem lub zmian\u0105.<\/p>\n<p data-start=\"4871\" data-end=\"4975\">Dost\u0119p do danych maj\u0105 jedynie upowa\u017cnione osoby oraz zweryfikowani partnerzy zobowi\u0105zani do zachowania poufno\u015bci.<\/p>\n<h2 data-start=\"4510\" data-end=\"4678\">10. Osadzone tre\u015bci i linki zewn\u0119trzne<\/h2>\n<p data-start=\"4708\" data-end=\"4869\">Niekt\u00f3re strony mog\u0105 zawiera\u0107 tre\u015bci osadzone (np. filmy, obrazy lub wid\u017cety).<br data-start=\"5103\" data-end=\"5106\" \/>Takie tre\u015bci dzia\u0142aj\u0105 tak samo, jakby u\u017cytkownik odwiedzi\u0142 bezpo\u015brednio stron\u0119 zewn\u0119trzn\u0105. Zewn\u0119trzne witryny mog\u0105 gromadzi\u0107 dodatkowe dane i korzysta\u0107 z plik\u00f3w cookie zgodnie z w\u0142asn\u0105 polityk\u0105 prywatno\u015bci.<\/p>\n<h2 data-start=\"4510\" data-end=\"4678\">11. Przekazywanie danych poza EOG<\/h2>\n<p data-start=\"5358\" data-end=\"5597\">Niekt\u00f3rzy nasi partnerzy (np. Google, MemberPress) mog\u0105 przetwarza\u0107 dane poza <strong data-start=\"5425\" data-end=\"5457\">Europejskim Obszarem Gospodarczym (EOG)<\/strong>.<br data-start=\"5458\" data-end=\"5461\" \/>W takich przypadkach zapewniamy odpowiednie zabezpieczenia, takie jak <strong data-start=\"5528\" data-end=\"5560\">Standardowe Klauzule Umowne<\/strong> zatwierdzone przez Komisj\u0119 Europejsk\u0105.<\/p>\n<h2 data-start=\"4708\" data-end=\"4869\">12. Aktualizacje niniejszej polityki<\/h2>\n<p data-start=\"5637\" data-end=\"5818\">Polityka prywatno\u015bci mo\u017ce by\u0107 okresowo aktualizowana w zwi\u0105zku ze zmianami w naszej dzia\u0142alno\u015bci, technologii lub przepisach prawa.<br data-start=\"5743\" data-end=\"5746\" \/>Wszelkie aktualizacje b\u0119d\u0105 publikowane na tej stronie wraz z dat\u0105 ostatniej zmiany.<\/p>\n<p data-start=\"5820\" data-end=\"5853\"><strong data-start=\"5820\" data-end=\"5837\">Data ostatniej aktualizacji:<\/strong> Listopad 2025<\/p>\n<h2 data-start=\"4510\" data-end=\"4678\">13. Kontakt<\/h2>\n<p data-start=\"4708\" data-end=\"4869\">W przypadku pyta\u0144 dotycz\u0105cych niniejszej Polityki Prywatno\u015bci lub przetwarzania danych osobowych skontaktuj si\u0119 z:<span class=\"s2\"><br \/><span class=\"s1\"><b>Email:<\/b><\/span> <a href=\"mailto:kontakt@icymedia.pl\">kontakt@icymedia.pl<\/a><br \/><\/span><span class=\"s1\"><b>Strona internetowa:<\/b><\/span>\u00a0<a href=\"https:\/\/icymedia.pl\">https:\/\/icymedia.pl<\/a><br \/><b>Adres:<\/b><span class=\"s2\"> Post\u0119pu 11, 02-676, Warszawa<\/span><\/p>\n<p data-start=\"4871\" data-end=\"4975\">\u00a0<\/p>\t\t\t\t\t\t\t\t<\/div>\n\t\t\t\t\t<\/div>\n\t\t\t\t<\/div>\n\t\t\t\t<\/div>","protected":false},"excerpt":{"rendered":"<p>1. Who we are This website is operated by ICY Media, owner and operator of the uPortal and Unlearn English brands. Legal [&hellip;]<\/p>","protected":false},"author":1,"featured_media":0,"parent":0,"menu_order":0,"comment_status":"closed","ping_status":"open","template":"","meta":{"footnotes":""},"class_list":["post-3","page","type-page","status-publish","hentry"],"yoast_head":"<!-- This site is optimized with the Yoast SEO plugin v27.3 - https:\/\/yoast.com\/product\/yoast-seo-wordpress\/ -->\n<title>Privacy Policy - uPortal by Unlearn English<\/title>\n<meta name=\"robots\" content=\"index, follow, max-snippet:-1, max-image-preview:large, max-video-preview:-1\" \/>\n<link rel=\"canonical\" href=\"https:\/\/uportal.pl\/pl\/privacy-policy\/\" \/>\n<meta property=\"og:locale\" content=\"pl_PL\" \/>\n<meta property=\"og:type\" content=\"article\" \/>\n<meta property=\"og:title\" content=\"Privacy Policy - uPortal by Unlearn English\" \/>\n<meta property=\"og:description\" content=\"1. Who we are This website is operated by ICY Media, owner and operator of the uPortal and Unlearn English brands. Legal [&hellip;]\" \/>\n<meta property=\"og:url\" content=\"https:\/\/uportal.pl\/pl\/privacy-policy\/\" \/>\n<meta property=\"og:site_name\" content=\"uPortal by Unlearn English\" \/>\n<meta property=\"article:modified_time\" content=\"2025-12-19T16:51:06+00:00\" \/>\n<meta name=\"twitter:card\" content=\"summary_large_image\" \/>\n<meta name=\"twitter:label1\" content=\"Szacowany czas czytania\" \/>\n\t<meta name=\"twitter:data1\" content=\"4 minuty\" \/>\n<script type=\"application\/ld+json\" class=\"yoast-schema-graph\">{\"@context\":\"https:\\\/\\\/schema.org\",\"@graph\":[{\"@type\":\"WebPage\",\"@id\":\"https:\\\/\\\/uportal.pl\\\/privacy-policy\\\/\",\"url\":\"https:\\\/\\\/uportal.pl\\\/privacy-policy\\\/\",\"name\":\"Privacy Policy - uPortal by Unlearn English\",\"isPartOf\":{\"@id\":\"https:\\\/\\\/uportal.pl\\\/#website\"},\"datePublished\":\"2025-10-09T12:45:12+00:00\",\"dateModified\":\"2025-12-19T16:51:06+00:00\",\"breadcrumb\":{\"@id\":\"https:\\\/\\\/uportal.pl\\\/privacy-policy\\\/#breadcrumb\"},\"inLanguage\":\"pl-PL\",\"potentialAction\":[{\"@type\":\"ReadAction\",\"target\":[\"https:\\\/\\\/uportal.pl\\\/privacy-policy\\\/\"]}]},{\"@type\":\"BreadcrumbList\",\"@id\":\"https:\\\/\\\/uportal.pl\\\/privacy-policy\\\/#breadcrumb\",\"itemListElement\":[{\"@type\":\"ListItem\",\"position\":1,\"name\":\"Home\",\"item\":\"https:\\\/\\\/uportal.pl\\\/\"},{\"@type\":\"ListItem\",\"position\":2,\"name\":\"Privacy Policy\"}]},{\"@type\":\"WebSite\",\"@id\":\"https:\\\/\\\/uportal.pl\\\/#website\",\"url\":\"https:\\\/\\\/uportal.pl\\\/\",\"name\":\"uPortal by Unlearn English\",\"description\":\"The modern classroom for the modern learner\",\"potentialAction\":[{\"@type\":\"SearchAction\",\"target\":{\"@type\":\"EntryPoint\",\"urlTemplate\":\"https:\\\/\\\/uportal.pl\\\/?s={search_term_string}\"},\"query-input\":{\"@type\":\"PropertyValueSpecification\",\"valueRequired\":true,\"valueName\":\"search_term_string\"}}],\"inLanguage\":\"pl-PL\"}]}<\/script>\n<!-- \/ Yoast SEO plugin. -->","yoast_head_json":{"title":"Privacy Policy - uPortal by Unlearn English","robots":{"index":"index","follow":"follow","max-snippet":"max-snippet:-1","max-image-preview":"max-image-preview:large","max-video-preview":"max-video-preview:-1"},"canonical":"https:\/\/uportal.pl\/pl\/privacy-policy\/","og_locale":"pl_PL","og_type":"article","og_title":"Privacy Policy - uPortal by Unlearn English","og_description":"1. Who we are This website is operated by ICY Media, owner and operator of the uPortal and Unlearn English brands. Legal [&hellip;]","og_url":"https:\/\/uportal.pl\/pl\/privacy-policy\/","og_site_name":"uPortal by Unlearn English","article_modified_time":"2025-12-19T16:51:06+00:00","twitter_card":"summary_large_image","twitter_misc":{"Szacowany czas czytania":"4 minuty"},"schema":{"@context":"https:\/\/schema.org","@graph":[{"@type":"WebPage","@id":"https:\/\/uportal.pl\/privacy-policy\/","url":"https:\/\/uportal.pl\/privacy-policy\/","name":"Privacy Policy - uPortal by Unlearn English","isPartOf":{"@id":"https:\/\/uportal.pl\/#website"},"datePublished":"2025-10-09T12:45:12+00:00","dateModified":"2025-12-19T16:51:06+00:00","breadcrumb":{"@id":"https:\/\/uportal.pl\/privacy-policy\/#breadcrumb"},"inLanguage":"pl-PL","potentialAction":[{"@type":"ReadAction","target":["https:\/\/uportal.pl\/privacy-policy\/"]}]},{"@type":"BreadcrumbList","@id":"https:\/\/uportal.pl\/privacy-policy\/#breadcrumb","itemListElement":[{"@type":"ListItem","position":1,"name":"Home","item":"https:\/\/uportal.pl\/"},{"@type":"ListItem","position":2,"name":"Privacy Policy"}]},{"@type":"WebSite","@id":"https:\/\/uportal.pl\/#website","url":"https:\/\/uportal.pl\/","name":"uPortal by Unlearn English","description":"The modern classroom for the modern learner","potentialAction":[{"@type":"SearchAction","target":{"@type":"EntryPoint","urlTemplate":"https:\/\/uportal.pl\/?s={search_term_string}"},"query-input":{"@type":"PropertyValueSpecification","valueRequired":true,"valueName":"search_term_string"}}],"inLanguage":"pl-PL"}]}},"_hostinger_reach_plugin_has_subscription_block":false,"_hostinger_reach_plugin_is_elementor":false,"_links":{"self":[{"href":"https:\/\/uportal.pl\/pl\/wp-json\/wp\/v2\/pages\/3","targetHints":{"allow":["GET"]}}],"collection":[{"href":"https:\/\/uportal.pl\/pl\/wp-json\/wp\/v2\/pages"}],"about":[{"href":"https:\/\/uportal.pl\/pl\/wp-json\/wp\/v2\/types\/page"}],"author":[{"embeddable":true,"href":"https:\/\/uportal.pl\/pl\/wp-json\/wp\/v2\/users\/1"}],"replies":[{"embeddable":true,"href":"https:\/\/uportal.pl\/pl\/wp-json\/wp\/v2\/comments?post=3"}],"version-history":[{"count":19,"href":"https:\/\/uportal.pl\/pl\/wp-json\/wp\/v2\/pages\/3\/revisions"}],"predecessor-version":[{"id":8491,"href":"https:\/\/uportal.pl\/pl\/wp-json\/wp\/v2\/pages\/3\/revisions\/8491"}],"wp:attachment":[{"href":"https:\/\/uportal.pl\/pl\/wp-json\/wp\/v2\/media?parent=3"}],"curies":[{"name":"wp","href":"https:\/\/api.w.org\/{rel}","templated":true}]}}